{"id":2085,"date":"2021-08-23T17:23:14","date_gmt":"2021-08-23T17:23:14","guid":{"rendered":"https:\/\/4ol.co\/?page_id=2085"},"modified":"2023-07-25T15:56:51","modified_gmt":"2023-07-25T15:56:51","slug":"tramites-y-recaudos-virtuales","status":"publish","type":"page","link":"https:\/\/4ol.co\/index.php\/tramites-y-recaudos-virtuales\/","title":{"rendered":"TR\u00c1MITES Y RECAUDOS EN L\u00cdNEA"},"content":{"rendered":"\n<p class=\"has-black-color has-text-color\">Esta herramienta inform\u00e1tica le permite al ciudadano realizar de manera virtual solicitudes y tr\u00e1mites al municipio.\u00a0Estos procesos de solicitud se realizan de manera autom\u00e1tica o cuando el tr\u00e1mite lo requiera, de manera semi-autom\u00e1tica con la intervenci\u00f3n de un funcionario. El acceso a las solicitudes se realizar\u00e1 a trav\u00e9s de una App Web o presencial a trav\u00e9s de un Kiosco de atenci\u00f3n municipal.<\/p>\n\n\n\n<div class=\"wp-block-columns is-layout-flex wp-container-core-columns-is-layout-9d6595d7 wp-block-columns-is-layout-flex\">\n<div class=\"wp-block-column is-layout-flow wp-block-column-is-layout-flow\">\n<h4 class=\"wp-block-heading has-text-align-center has-colibri-color-1-color has-text-color\"><strong>TR\u00c1MITES VIRTUALES<\/strong><\/h4>\n\n\n\n<p class=\"has-text-align-center has-text-color\" style=\"color:#000000\">El servicio integral para la gesti\u00f3n de tramites virtuales le permite al ciudadano realizar la solicitud de sus tr\u00e1mites en l\u00ednea, integrando herramientas tecnol\u00f3gicas de comunicaci\u00f3n para la notificaci\u00f3n del estado de la solicitud para finalmente emitir una respuesta certificada y verificable. &nbsp;&nbsp;&nbsp;<\/p>\n\n\n<div class=\"wp-block-image\">\n<figure class=\"aligncenter size-full\"><a href=\"https:\/\/4ol.co\/index.php\/gestion-territorial-gess\/\" target=\"_blank\" rel=\"noopener\"><img loading=\"lazy\" decoding=\"async\" width=\"500\" height=\"500\" src=\"https:\/\/4ol.co\/wp-content\/uploads\/2021\/08\/20.png\" alt=\"\" class=\"wp-image-2086\" srcset=\"https:\/\/4ol.co\/wp-content\/uploads\/2021\/08\/20.png 500w, https:\/\/4ol.co\/wp-content\/uploads\/2021\/08\/20-300x300.png 300w, https:\/\/4ol.co\/wp-content\/uploads\/2021\/08\/20-150x150.png 150w\" sizes=\"auto, (max-width: 500px) 100vw, 500px\" \/><\/a><\/figure>\n<\/div>\n\n\n<div class=\"wp-block-buttons is-layout-flex wp-block-buttons-is-layout-flex\"><\/div>\n<\/div>\n\n\n\n<div class=\"wp-block-column is-layout-flow wp-block-column-is-layout-flow\">\n<h4 class=\"wp-block-heading has-text-align-center has-colibri-color-1-color has-text-color\"><strong>RECAUDOS EN L\u00cdNEA<\/strong><\/h4>\n\n\n\n<p class=\"has-text-align-center has-text-color\" style=\"color:#000000\">El servicio integral para la gesti\u00f3n de cobranza, es un servicio profesional de tipo Jur\u00eddico, Tributario y Administrativo, integrado con herramientas tecnol\u00f3gicas de an\u00e1lisis de datos, de comunicaci\u00f3n, de sistemas de recaudo pago y otros, que facilita la gesti\u00f3n con el contribuyente para el cobro y recaudo de sus obligaciones.<\/p>\n\n\n<div class=\"wp-block-image\">\n<figure class=\"aligncenter size-full\"><a href=\"https:\/\/4ol.co\/index.php\/gestion-de-recaudos-en-linea\/\" target=\"_blank\" rel=\"noopener\"><img loading=\"lazy\" decoding=\"async\" width=\"500\" height=\"500\" src=\"https:\/\/4ol.co\/wp-content\/uploads\/2021\/08\/19.png\" alt=\"\" class=\"wp-image-2087\" srcset=\"https:\/\/4ol.co\/wp-content\/uploads\/2021\/08\/19.png 500w, https:\/\/4ol.co\/wp-content\/uploads\/2021\/08\/19-300x300.png 300w, https:\/\/4ol.co\/wp-content\/uploads\/2021\/08\/19-150x150.png 150w\" sizes=\"auto, (max-width: 500px) 100vw, 500px\" \/><\/a><\/figure>\n<\/div>\n\n\n<div class=\"wp-block-buttons is-layout-flex wp-block-buttons-is-layout-flex\"><\/div>\n<\/div>\n<\/div>\n\n\n\n<p><\/p>\n","protected":false},"excerpt":{"rendered":"<p>Esta herramienta inform\u00e1tica le permite al ciudadano realizar de manera virtual solicitudes y tr\u00e1mites al municipio.\u00a0Estos procesos de solicitud se realizan de manera autom\u00e1tica o cuando el tr\u00e1mite lo requiera, de manera semi-autom\u00e1tica con la intervenci\u00f3n de un funcionario. El acceso a las solicitudes se realizar\u00e1 a trav\u00e9s de una App Web o presencial a [&hellip;]<\/p>\n","protected":false},"author":2,"featured_media":0,"parent":0,"menu_order":0,"comment_status":"closed","ping_status":"closed","template":"","meta":{"footnotes":""},"class_list":["post-2085","page","type-page","status-publish","hentry"],"_links":{"self":[{"href":"https:\/\/4ol.co\/index.php\/wp-json\/wp\/v2\/pages\/2085","targetHints":{"allow":["GET"]}}],"collection":[{"href":"https:\/\/4ol.co\/index.php\/wp-json\/wp\/v2\/pages"}],"about":[{"href":"https:\/\/4ol.co\/index.php\/wp-json\/wp\/v2\/types\/page"}],"author":[{"embeddable":true,"href":"https:\/\/4ol.co\/index.php\/wp-json\/wp\/v2\/users\/2"}],"replies":[{"embeddable":true,"href":"https:\/\/4ol.co\/index.php\/wp-json\/wp\/v2\/comments?post=2085"}],"version-history":[{"count":22,"href":"https:\/\/4ol.co\/index.php\/wp-json\/wp\/v2\/pages\/2085\/revisions"}],"predecessor-version":[{"id":2737,"href":"https:\/\/4ol.co\/index.php\/wp-json\/wp\/v2\/pages\/2085\/revisions\/2737"}],"wp:attachment":[{"href":"https:\/\/4ol.co\/index.php\/wp-json\/wp\/v2\/media?parent=2085"}],"curies":[{"name":"wp","href":"https:\/\/api.w.org\/{rel}","templated":true}]}}