{"id":517,"date":"2021-01-08T21:11:38","date_gmt":"2021-01-08T21:11:38","guid":{"rendered":"https:\/\/4ol.co\/?page_id=517"},"modified":"2023-10-09T15:21:25","modified_gmt":"2023-10-09T15:21:25","slug":"gestion-del-programa-ampliado-de-inmunizaciones-aplicacion-vacunpp","status":"publish","type":"page","link":"https:\/\/4ol.co\/index.php\/gestion-del-programa-ampliado-de-inmunizaciones-aplicacion-vacunpp\/","title":{"rendered":"GESTI\u00d3N DEL PROGRAMA AMPLIADO DE VACUNACI\u00d3N &#8211; VACUN@PP"},"content":{"rendered":"\n<p class=\"has-text-align-center has-text-color\" style=\"color:#000000\">Nuestra aplicaci\u00f3n&nbsp;Vacun@pp&nbsp;responde de forma innovadora a las necesidades de municipios, departamentos, aseguradores y prestadores de servicios de salud, para lograr mejores coberturas en los programas de vacunaci\u00f3n. Vacun@pp&nbsp;integra al gobierno, las entidades de salud y la comunidad en forma colaborativa, complementando al sistema de informaci\u00f3n PAIWEB. Cuenta con herramientas intuitivas, f\u00e1ciles de usar para los funcionarios y la comunidad. <\/p>\n\n\n\n<div class=\"wp-block-columns is-layout-flex wp-container-core-columns-is-layout-9d6595d7 wp-block-columns-is-layout-flex\">\n<div class=\"wp-block-column is-layout-flow wp-block-column-is-layout-flow\">\n<h3 class=\"wp-block-heading has-text-align-center\" id=\"vacun-pp-buscar-resolver\"><strong>Vacun@pp buscar resolver:<\/strong><\/h3>\n\n\n\n<ul class=\"has-text-color wp-block-list\" style=\"color:#000000\">\n<li>Coberturas deficientes de vacunaci\u00f3n en los municipios.<\/li>\n\n\n\n<li>Falta de identificaci\u00f3n plena de la poblaci\u00f3n susceptible o faltante a vacunar.<\/li>\n\n\n\n<li>Acumulaci\u00f3n a lo largo de los a\u00f1os de poblaci\u00f3n sin cobertura.<\/li>\n\n\n\n<li>Reprocesos en el registro de las actividades de vacunaci\u00f3n.<\/li>\n\n\n\n<li>Poco inter\u00e9s o demanda del servicio por las comunidades.<\/li>\n<\/ul>\n<\/div>\n\n\n\n<div class=\"wp-block-column is-layout-flow wp-block-column-is-layout-flow\">\n<h3 class=\"wp-block-heading has-text-align-center\" id=\"vacun-pp-agrega-valor-y-permite\"><strong>Vacun@pp agrega valor y permite<\/strong>:<\/h3>\n\n\n\n<ul class=\"has-text-color wp-block-list\" style=\"color:#000000\">\n<li>Garantizar coberturas \u00fatiles de vacunaci\u00f3n del PAI<\/li>\n\n\n\n<li>Acceder por el municipio a los recursos de SGP salud p\u00fablica.<\/li>\n\n\n\n<li>Promover la demanda del servicio de vacunaci\u00f3n y procesos de vacunaci\u00f3n en el territorio.<\/li>\n\n\n\n<li>Mantener el monitoreo permanente de las coberturas de vacunaci\u00f3n, ahorrando el costo de hacerlo manualmente.<\/li>\n<\/ul>\n<\/div>\n<\/div>\n\n\n\n<div class=\"wp-block-buttons is-layout-flex wp-block-buttons-is-layout-flex\">\n<div class=\"wp-block-button\"><a class=\"wp-block-button__link wp-element-button\" href=\"http:\/\/186.154.140.2:3004\/vacunapp\/com.vacunapp.gamexamplelogin\" target=\"_blank\" rel=\"noreferrer noopener\">Ver plataforma Vacun@pp<\/a><\/div>\n<\/div>\n\n\n\n<h3 class=\"wp-block-heading has-text-align-center\" id=\"con-vacun-pp-podra-obtener\"><strong>Con vacun@pp podr\u00e1 obtener:<\/strong><\/h3>\n\n\n\n<div class=\"wp-block-columns is-layout-flex wp-container-core-columns-is-layout-9d6595d7 wp-block-columns-is-layout-flex\">\n<div class=\"wp-block-column is-layout-flow wp-block-column-is-layout-flow\">\n<h4 class=\"wp-block-heading has-text-align-center\" id=\"1-tableros-de-coberturas-de-vacunacion\"><strong>1)<\/strong> <strong>Tableros de coberturas de vacunaci\u00f3n<\/strong><\/h4>\n\n\n\n<p class=\"has-text-color\" style=\"color:#000000\">Permiten monitorear en l\u00ednea la cobertura de vacunaci\u00f3n en los municipios, clasificada por: biol\u00f3gico, grupos de edad, aseguradora o barrios. Los visores muestran la comparaci\u00f3n entre la meta program\u00e1tica y la poblaci\u00f3n con faltantes de vacunaci\u00f3n.<\/p>\n\n\n\n<figure class=\"wp-block-image size-large\"><img loading=\"lazy\" decoding=\"async\" width=\"1024\" height=\"554\" src=\"https:\/\/4ol.co\/wp-content\/uploads\/2021\/01\/Cobertura-de-vacunacion0-1024x554.png\" alt=\"\" class=\"wp-image-1393\" srcset=\"https:\/\/4ol.co\/wp-content\/uploads\/2021\/01\/Cobertura-de-vacunacion0-1024x554.png 1024w, https:\/\/4ol.co\/wp-content\/uploads\/2021\/01\/Cobertura-de-vacunacion0-300x162.png 300w, https:\/\/4ol.co\/wp-content\/uploads\/2021\/01\/Cobertura-de-vacunacion0-768x415.png 768w, https:\/\/4ol.co\/wp-content\/uploads\/2021\/01\/Cobertura-de-vacunacion0.png 1448w\" sizes=\"auto, (max-width: 1024px) 100vw, 1024px\" \/><\/figure>\n<\/div>\n\n\n\n<div class=\"wp-block-column is-layout-flow wp-block-column-is-layout-flow\">\n<h4 class=\"wp-block-heading has-text-align-center\" id=\"2-tablero-de-poblacion-faltantes-de-vacunacion\"><strong>2)<\/strong> <strong>Tablero de poblaci\u00f3n faltantes de vacunaci\u00f3n<\/strong><\/h4>\n\n\n\n<p class=\"has-text-color\" style=\"color:#000000\">Identificaci\u00f3n nominal y georeferenciada de las personas objeto del PAI, que, de acuerdo a su plan de vacunaci\u00f3n tienen pendiente de aplicar una o varias dosis de los biol\u00f3gicos incluidos en el programa (poblaci\u00f3n susceptible de vacunar).<\/p>\n\n\n<div class=\"wp-block-image\">\n<figure class=\"alignleft size-large\"><img loading=\"lazy\" decoding=\"async\" width=\"1024\" height=\"513\" src=\"https:\/\/4ol.co\/wp-content\/uploads\/2021\/01\/Susceptibles-de-vacunacion-1024x513.png\" alt=\"\" class=\"wp-image-1384\" srcset=\"https:\/\/4ol.co\/wp-content\/uploads\/2021\/01\/Susceptibles-de-vacunacion-1024x513.png 1024w, https:\/\/4ol.co\/wp-content\/uploads\/2021\/01\/Susceptibles-de-vacunacion-300x150.png 300w, https:\/\/4ol.co\/wp-content\/uploads\/2021\/01\/Susceptibles-de-vacunacion-768x385.png 768w, https:\/\/4ol.co\/wp-content\/uploads\/2021\/01\/Susceptibles-de-vacunacion.png 1452w\" sizes=\"auto, (max-width: 1024px) 100vw, 1024px\" \/><\/figure>\n<\/div><\/div>\n<\/div>\n\n\n\n<div class=\"wp-block-columns is-layout-flex wp-container-core-columns-is-layout-9d6595d7 wp-block-columns-is-layout-flex\">\n<div class=\"wp-block-column is-layout-flow wp-block-column-is-layout-flow\">\n<h4 class=\"wp-block-heading has-text-align-left\" id=\"3-app-de-registro-de-vacunacion-para-funcionarios\"><strong>3)<\/strong> <strong>App de registro de vacunaci\u00f3n para funcionarios <\/strong><\/h4>\n\n\n\n<p class=\"has-text-color\" style=\"color:#000000\">App m\u00f3vil y web para el registro en campo de las actividades de vacunaci\u00f3n realizadas en la comunidad. La App m\u00f3vil puede ser usada en l\u00ednea o fuera de l\u00ednea.<\/p>\n\n\n\n<p class=\"has-text-color\" style=\"color:#000000\">Mediante el aplicativo off-line el vacunador podr\u00e1 buscar a la poblaci\u00f3n susceptible de vacunaci\u00f3n, visualizar el esquema de vacunaci\u00f3n, registrar la aplicaci\u00f3n de vacuna, sincronizar la informaci\u00f3n registrada una vez tenga conectividad y generar los reportes respectivos del ejercicio.<\/p>\n\n\n\n<div class=\"wp-block-buttons is-layout-flex wp-block-buttons-is-layout-flex\">\n<div class=\"wp-block-button\"><a class=\"wp-block-button__link wp-element-button\" href=\"3004\/apk\/VacunappFuncionarios.apk\" target=\"_blank\" rel=\"noreferrer noopener\">Descarga la App Funcionarios- Registro de vacunaci\u00f3n <\/a><\/div>\n<\/div>\n<\/div>\n\n\n\n<div class=\"wp-block-column is-layout-flow wp-block-column-is-layout-flow\">\n<figure class=\"wp-block-image size-large\"><img loading=\"lazy\" decoding=\"async\" width=\"1024\" height=\"510\" src=\"https:\/\/4ol.co\/wp-content\/uploads\/2021\/01\/Registro-de-vacunacion1-1024x510.jpg\" alt=\"\" class=\"wp-image-1399\" srcset=\"https:\/\/4ol.co\/wp-content\/uploads\/2021\/01\/Registro-de-vacunacion1-1024x510.jpg 1024w, https:\/\/4ol.co\/wp-content\/uploads\/2021\/01\/Registro-de-vacunacion1-300x149.jpg 300w, https:\/\/4ol.co\/wp-content\/uploads\/2021\/01\/Registro-de-vacunacion1-768x382.jpg 768w, https:\/\/4ol.co\/wp-content\/uploads\/2021\/01\/Registro-de-vacunacion1-1536x765.jpg 1536w, https:\/\/4ol.co\/wp-content\/uploads\/2021\/01\/Registro-de-vacunacion1.jpg 1920w\" sizes=\"auto, (max-width: 1024px) 100vw, 1024px\" \/><\/figure>\n<\/div>\n<\/div>\n\n\n\n<div class=\"wp-block-columns is-layout-flex wp-container-core-columns-is-layout-9d6595d7 wp-block-columns-is-layout-flex\">\n<div class=\"wp-block-column is-layout-flow wp-block-column-is-layout-flow\">\n<h4 class=\"wp-block-heading has-text-align-left\" id=\"4-app-carne-electronico-de-vacunacion-para-la-comunidad\"><strong>4)<\/strong> <strong>App carn\u00e9 electr\u00f3nico de vacunaci\u00f3n para la comunidad <\/strong><\/h4>\n\n\n\n<p class=\"has-text-color\" style=\"color:#000000\">La comunidad contar\u00e1 con un aplicativo para sus tel\u00e9fonos, en donde podr\u00e1n registrar f\u00e1cilmente a su grupo familiar y encontrar toda la informaci\u00f3n actualizada sobre sus estados de vacunaci\u00f3n. (Aplicadas, faltantes o programadas).<\/p>\n\n\n\n<p class=\"has-text-color\" style=\"color:#000000\">Adicional, podr\u00e1n consultar noticias institucionales, reportar posibles reacciones adversas a la vacunaci\u00f3n, recibir alertas o notificaciones relacionadas al programa de vacunaci\u00f3n, postularse para la vacunaci\u00f3n contra el COVID y acordar el momento para realizar dicha vacunaci\u00f3n. <\/p>\n\n\n\n<div class=\"wp-block-buttons is-layout-flex wp-block-buttons-is-layout-flex\">\n<div class=\"wp-block-button\"><a class=\"wp-block-button__link wp-element-button\" href=\"3004\/apk\/VacunappComunidad.apk\" target=\"_blank\" rel=\"noreferrer noopener\">Descarga la App Comunidad- Grupo familiar<\/a><\/div>\n<\/div>\n<\/div>\n\n\n\n<div class=\"wp-block-column is-layout-flow wp-block-column-is-layout-flow\">\n<figure class=\"wp-block-image size-large\"><img loading=\"lazy\" decoding=\"async\" width=\"1024\" height=\"511\" src=\"https:\/\/4ol.co\/wp-content\/uploads\/2021\/01\/Aplicacion-movil--1024x511.jpg\" alt=\"\" class=\"wp-image-1408\" srcset=\"https:\/\/4ol.co\/wp-content\/uploads\/2021\/01\/Aplicacion-movil--1024x511.jpg 1024w, https:\/\/4ol.co\/wp-content\/uploads\/2021\/01\/Aplicacion-movil--300x150.jpg 300w, https:\/\/4ol.co\/wp-content\/uploads\/2021\/01\/Aplicacion-movil--768x383.jpg 768w, https:\/\/4ol.co\/wp-content\/uploads\/2021\/01\/Aplicacion-movil--1536x766.jpg 1536w, https:\/\/4ol.co\/wp-content\/uploads\/2021\/01\/Aplicacion-movil-.jpg 1920w\" sizes=\"auto, (max-width: 1024px) 100vw, 1024px\" \/><\/figure>\n<\/div>\n<\/div>\n\n\n\n<hr class=\"wp-block-separator has-text-color has-colibri-color-1-color has-css-opacity has-colibri-color-1-background-color has-background is-style-dots\"\/>\n\n\n\n<div class=\"wp-block-columns is-layout-flex wp-container-core-columns-is-layout-9d6595d7 wp-block-columns-is-layout-flex\">\n<div class=\"wp-block-column is-layout-flow wp-block-column-is-layout-flow\">\n<p>.<\/p>\n\n\n\n<h2 class=\"wp-block-heading has-text-align-center\" id=\"conoce-mas-de-vacun-pp-y-su-estrategia-inteligente-de-vacunacion\"><strong><em>Conoce m\u00e1s de Vacun@pp y su estrategia inteligente de vacunaci\u00f3n <\/em><\/strong><\/h2>\n<\/div>\n\n\n\n<div class=\"wp-block-column is-layout-flow wp-block-column-is-layout-flow\">\n<figure class=\"wp-block-embed aligncenter is-type-video is-provider-youtube wp-block-embed-youtube wp-embed-aspect-16-9 wp-has-aspect-ratio\"><div class=\"wp-block-embed__wrapper\">\n<iframe loading=\"lazy\" title=\"VACUN@PP. Vacunaci\u00f3n oportuna y eficiente de la poblaci\u00f3n.\" width=\"500\" height=\"281\" src=\"https:\/\/www.youtube.com\/embed\/i5zSfIUwe8M?feature=oembed\" frameborder=\"0\" allow=\"accelerometer; autoplay; clipboard-write; encrypted-media; gyroscope; picture-in-picture; web-share\" referrerpolicy=\"strict-origin-when-cross-origin\" allowfullscreen><\/iframe>\n<\/div><\/figure>\n\n\n\n<figure class=\"wp-block-embed aligncenter is-type-video is-provider-youtube wp-block-embed-youtube wp-embed-aspect-16-9 wp-has-aspect-ratio\"><div class=\"wp-block-embed__wrapper\">\n<iframe loading=\"lazy\" title=\"Vacun@pp. La estrategia mas costo efectiva en salud publica.\" width=\"500\" height=\"281\" src=\"https:\/\/www.youtube.com\/embed\/huOF2knV1Zs?feature=oembed\" frameborder=\"0\" allow=\"accelerometer; autoplay; clipboard-write; encrypted-media; gyroscope; picture-in-picture; web-share\" referrerpolicy=\"strict-origin-when-cross-origin\" allowfullscreen><\/iframe>\n<\/div><\/figure>\n<\/div>\n<\/div>\n","protected":false},"excerpt":{"rendered":"<p>Nuestra aplicaci\u00f3n&nbsp;Vacun@pp&nbsp;responde de forma innovadora a las necesidades de municipios, departamentos, aseguradores y prestadores de servicios de salud, para lograr mejores coberturas en los programas de vacunaci\u00f3n. Vacun@pp&nbsp;integra al gobierno, las entidades de salud y la comunidad en forma colaborativa, complementando al sistema de informaci\u00f3n PAIWEB. Cuenta con herramientas intuitivas, f\u00e1ciles de usar para los [&hellip;]<\/p>\n","protected":false},"author":2,"featured_media":0,"parent":0,"menu_order":0,"comment_status":"closed","ping_status":"closed","template":"","meta":{"footnotes":""},"class_list":["post-517","page","type-page","status-publish","hentry"],"_links":{"self":[{"href":"https:\/\/4ol.co\/index.php\/wp-json\/wp\/v2\/pages\/517","targetHints":{"allow":["GET"]}}],"collection":[{"href":"https:\/\/4ol.co\/index.php\/wp-json\/wp\/v2\/pages"}],"about":[{"href":"https:\/\/4ol.co\/index.php\/wp-json\/wp\/v2\/types\/page"}],"author":[{"embeddable":true,"href":"https:\/\/4ol.co\/index.php\/wp-json\/wp\/v2\/users\/2"}],"replies":[{"embeddable":true,"href":"https:\/\/4ol.co\/index.php\/wp-json\/wp\/v2\/comments?post=517"}],"version-history":[{"count":93,"href":"https:\/\/4ol.co\/index.php\/wp-json\/wp\/v2\/pages\/517\/revisions"}],"predecessor-version":[{"id":2796,"href":"https:\/\/4ol.co\/index.php\/wp-json\/wp\/v2\/pages\/517\/revisions\/2796"}],"wp:attachment":[{"href":"https:\/\/4ol.co\/index.php\/wp-json\/wp\/v2\/media?parent=517"}],"curies":[{"name":"wp","href":"https:\/\/api.w.org\/{rel}","templated":true}]}}